{"id":15,"date":"2021-11-29T00:11:35","date_gmt":"2021-11-29T00:11:35","guid":{"rendered":"https:\/\/www.cmoi.cl\/?page_id=15"},"modified":"2021-12-06T20:54:54","modified_gmt":"2021-12-06T23:54:54","slug":"medicina","status":"publish","type":"page","link":"https:\/\/www.cmoi.cl\/?page_id=15","title":{"rendered":"Medicina"},"content":{"rendered":"<ul>\n<li>Consulta de dolores y\/o molestias agudas<\/li>\n<li>Consulta por cuadros patol\u00f3gicos leves<\/li>\n<li>Solicitud de ex\u00e1menes para confirmaci\u00f3n diagn\u00f3stica<\/li>\n<li>Supervisi\u00f3n de patolog\u00edas cr\u00f3nicas y sus respectivos tratamientos<\/li>\n<li>Coordinaci\u00f3n de referencia hacia otras especialidades m\u00e9dica<\/li>\n<li>Educaci\u00f3n, prevenci\u00f3n y mantenci\u00f3n de la salud<\/li>\n<\/ul>\n","protected":false},"excerpt":{"rendered":"<p>Consulta de dolores y\/o molestias agudas Consulta por cuadros patol\u00f3gicos leves Solicitud de ex\u00e1menes para confirmaci\u00f3n diagn\u00f3stica Supervisi\u00f3n de patolog\u00edas cr\u00f3nicas y sus respectivos tratamientos Coordinaci\u00f3n de referencia hacia otras especialidades m\u00e9dica Educaci\u00f3n, prevenci\u00f3n y mantenci\u00f3n de la salud<\/p>\n","protected":false},"author":1,"featured_media":0,"parent":0,"menu_order":0,"comment_status":"closed","ping_status":"closed","template":"","meta":{"footnotes":""},"class_list":["post-15","page","type-page","status-publish","hentry"],"_links":{"self":[{"href":"https:\/\/www.cmoi.cl\/index.php?rest_route=\/wp\/v2\/pages\/15"}],"collection":[{"href":"https:\/\/www.cmoi.cl\/index.php?rest_route=\/wp\/v2\/pages"}],"about":[{"href":"https:\/\/www.cmoi.cl\/index.php?rest_route=\/wp\/v2\/types\/page"}],"author":[{"embeddable":true,"href":"https:\/\/www.cmoi.cl\/index.php?rest_route=\/wp\/v2\/users\/1"}],"replies":[{"embeddable":true,"href":"https:\/\/www.cmoi.cl\/index.php?rest_route=%2Fwp%2Fv2%2Fcomments&post=15"}],"version-history":[{"count":5,"href":"https:\/\/www.cmoi.cl\/index.php?rest_route=\/wp\/v2\/pages\/15\/revisions"}],"predecessor-version":[{"id":105,"href":"https:\/\/www.cmoi.cl\/index.php?rest_route=\/wp\/v2\/pages\/15\/revisions\/105"}],"wp:attachment":[{"href":"https:\/\/www.cmoi.cl\/index.php?rest_route=%2Fwp%2Fv2%2Fmedia&parent=15"}],"curies":[{"name":"wp","href":"https:\/\/api.w.org\/{rel}","templated":true}]}}