{"id":17,"date":"2021-11-29T00:12:01","date_gmt":"2021-11-29T00:12:01","guid":{"rendered":"https:\/\/www.cmoi.cl\/?page_id=17"},"modified":"2021-12-06T20:55:13","modified_gmt":"2021-12-06T23:55:13","slug":"oftalmologia","status":"publish","type":"page","link":"https:\/\/www.cmoi.cl\/?page_id=17","title":{"rendered":"Oftalmolog\u00eda"},"content":{"rendered":"<ul>\n<li>Detecci\u00f3n y tratamiento de vicios de refracci\u00f3n (miop\u00eda, hipermetrop\u00eda, presbicia y astigmatismo)<\/li>\n<li>Detecci\u00f3n y tratamiento de ojo seco<\/li>\n<li>Detecci\u00f3n y tratamiento de disfunciones acomodativas<\/li>\n<li>Control y educaci\u00f3n sobre la prevenci\u00f3n de miop\u00eda en ni\u00f1os<\/li>\n<li>Control sano en ni\u00f1os<\/li>\n<li>Revisi\u00f3n previa a examen a prueba para licencia de conducir<\/li>\n<li>Toma de presi\u00f3n intraocular<\/li>\n<li>Derivaci\u00f3n a nivel secundario en caso de patolog\u00edas de mayor complejidad.<\/li>\n<\/ul>\n","protected":false},"excerpt":{"rendered":"<p>Detecci\u00f3n y tratamiento de vicios de refracci\u00f3n (miop\u00eda, hipermetrop\u00eda, presbicia y astigmatismo) Detecci\u00f3n y tratamiento de ojo seco Detecci\u00f3n y tratamiento de disfunciones acomodativas Control y educaci\u00f3n sobre la prevenci\u00f3n de miop\u00eda en ni\u00f1os Control sano en ni\u00f1os Revisi\u00f3n previa a examen a prueba para licencia de conducir Toma de presi\u00f3n intraocular Derivaci\u00f3n a nivel<\/p>\n<p class=\"more-link\"><a href=\"https:\/\/www.cmoi.cl\/?page_id=17\" class=\"themebutton\">Read More<\/a><\/p>\n","protected":false},"author":1,"featured_media":0,"parent":0,"menu_order":0,"comment_status":"closed","ping_status":"closed","template":"","meta":{"footnotes":""},"class_list":["post-17","page","type-page","status-publish","hentry"],"_links":{"self":[{"href":"https:\/\/www.cmoi.cl\/index.php?rest_route=\/wp\/v2\/pages\/17"}],"collection":[{"href":"https:\/\/www.cmoi.cl\/index.php?rest_route=\/wp\/v2\/pages"}],"about":[{"href":"https:\/\/www.cmoi.cl\/index.php?rest_route=\/wp\/v2\/types\/page"}],"author":[{"embeddable":true,"href":"https:\/\/www.cmoi.cl\/index.php?rest_route=\/wp\/v2\/users\/1"}],"replies":[{"embeddable":true,"href":"https:\/\/www.cmoi.cl\/index.php?rest_route=%2Fwp%2Fv2%2Fcomments&post=17"}],"version-history":[{"count":4,"href":"https:\/\/www.cmoi.cl\/index.php?rest_route=\/wp\/v2\/pages\/17\/revisions"}],"predecessor-version":[{"id":106,"href":"https:\/\/www.cmoi.cl\/index.php?rest_route=\/wp\/v2\/pages\/17\/revisions\/106"}],"wp:attachment":[{"href":"https:\/\/www.cmoi.cl\/index.php?rest_route=%2Fwp%2Fv2%2Fmedia&parent=17"}],"curies":[{"name":"wp","href":"https:\/\/api.w.org\/{rel}","templated":true}]}}