{"id":19,"date":"2021-11-29T00:12:11","date_gmt":"2021-11-29T00:12:11","guid":{"rendered":"https:\/\/www.cmoi.cl\/?page_id=19"},"modified":"2021-12-06T20:55:40","modified_gmt":"2021-12-06T23:55:40","slug":"matrona","status":"publish","type":"page","link":"https:\/\/www.cmoi.cl\/?page_id=19","title":{"rendered":"Matrona"},"content":{"rendered":"<ul>\n<li>Control de embarazo<\/li>\n<li>Toma de PAP (citolog\u00eda cervical)<\/li>\n<li>Salud sexual y reproductiva<\/li>\n<li>Consulta general de la mujer<\/li>\n<li>Consulta ginecologica<\/li>\n<li>Tratamientos Anticonceptivos<\/li>\n<li>Anticoncepci\u00f3n de Emergencia<\/li>\n<li>Atenci\u00f3n de adolescente<\/li>\n<li>Control diada (madre y reci\u00e9n nacido)<\/li>\n<li>Consulta general de la mujer<\/li>\n<\/ul>\n","protected":false},"excerpt":{"rendered":"<p>Control de embarazo Toma de PAP (citolog\u00eda cervical) Salud sexual y reproductiva Consulta general de la mujer Consulta ginecologica Tratamientos Anticonceptivos Anticoncepci\u00f3n de Emergencia Atenci\u00f3n de adolescente Control diada (madre y reci\u00e9n nacido) Consulta general de la mujer<\/p>\n","protected":false},"author":1,"featured_media":0,"parent":0,"menu_order":0,"comment_status":"closed","ping_status":"closed","template":"","meta":{"footnotes":""},"class_list":["post-19","page","type-page","status-publish","hentry"],"_links":{"self":[{"href":"https:\/\/www.cmoi.cl\/index.php?rest_route=\/wp\/v2\/pages\/19"}],"collection":[{"href":"https:\/\/www.cmoi.cl\/index.php?rest_route=\/wp\/v2\/pages"}],"about":[{"href":"https:\/\/www.cmoi.cl\/index.php?rest_route=\/wp\/v2\/types\/page"}],"author":[{"embeddable":true,"href":"https:\/\/www.cmoi.cl\/index.php?rest_route=\/wp\/v2\/users\/1"}],"replies":[{"embeddable":true,"href":"https:\/\/www.cmoi.cl\/index.php?rest_route=%2Fwp%2Fv2%2Fcomments&post=19"}],"version-history":[{"count":6,"href":"https:\/\/www.cmoi.cl\/index.php?rest_route=\/wp\/v2\/pages\/19\/revisions"}],"predecessor-version":[{"id":107,"href":"https:\/\/www.cmoi.cl\/index.php?rest_route=\/wp\/v2\/pages\/19\/revisions\/107"}],"wp:attachment":[{"href":"https:\/\/www.cmoi.cl\/index.php?rest_route=%2Fwp%2Fv2%2Fmedia&parent=19"}],"curies":[{"name":"wp","href":"https:\/\/api.w.org\/{rel}","templated":true}]}}